{"id":10,"date":"2011-08-24T07:00:05","date_gmt":"2011-08-24T07:00:05","guid":{"rendered":"http:\/\/www.kz-hoce.si\/?page_id=10"},"modified":"2025-08-22T13:12:04","modified_gmt":"2025-08-22T13:12:04","slug":"vizija","status":"publish","type":"page","link":"https:\/\/www.kz-hoce.si\/?page_id=10","title":{"rendered":"Vizija"},"content":{"rendered":"<blockquote><p>Postati in ostati zaupanja vreden partner na kmetijskem trgu.<\/p><\/blockquote>\n<p>\u010clani zadruge se morajo zavedati, da je zadruga njihova, da so oni lastniki, da z njo odgovorno upravljajo, da v njej zdru\u017eujejo svoje interese, ter si tako zagotavljajo \u010dim bolj\u0161e pogoje na trgu. Samo koli\u010dine pomagajo ustvarjati dobre pogoje na trgu pri prodaji, \u0161e bolj pa pri nabavi, zato bi kmetje morali nastopati skupaj oz. zadruga v njihovem imenu. Prizadevamo si, da bi trgu ponudili tudi lokalne izdelke in ne samo pridelke, katerih kvaliteta je zanesljiva in standardna, tako da na\u0161i kupci vedno vedo kaj lahko pri\u010dakujejo.<\/p>\n","protected":false},"excerpt":{"rendered":"<p>Postati in ostati zaupanja vreden partner na kmetijskem trgu. \u010clani zadruge se morajo zavedati, da je zadruga njihova, da so [&hellip;]<\/p>\n","protected":false},"author":2,"featured_media":0,"parent":0,"menu_order":2,"comment_status":"open","ping_status":"open","template":"","meta":{"site-sidebar-layout":"default","site-content-layout":"","ast-site-content-layout":"normal-width-container","site-content-style":"boxed","site-sidebar-style":"default","ast-global-header-display":"","ast-banner-title-visibility":"","ast-main-header-display":"","ast-hfb-above-header-display":"","ast-hfb-below-header-display":"","ast-hfb-mobile-header-display":"","site-post-title":"","ast-breadcrumbs-content":"","ast-featured-img":"","footer-sml-layout":"","theme-transparent-header-meta":"","adv-header-id-meta":"","stick-header-meta":"","header-above-stick-meta":"","header-main-stick-meta":"","header-below-stick-meta":"","astra-migrate-meta-layouts":"default","ast-page-background-enabled":"default","ast-page-background-meta":{"desktop":{"background-color":"var(--ast-global-color-5)","background-image":"","background-repeat":"repeat","background-position":"center center","background-size":"auto","background-attachment":"scroll","background-type":"","background-media":"","overlay-type":"","overlay-color":"","overlay-opacity":"","overlay-gradient":""},"tablet":{"background-color":"","background-image":"","background-repeat":"repeat","background-position":"center center","background-size":"auto","background-attachment":"scroll","background-type":"","background-media":"","overlay-type":"","overlay-color":"","overlay-opacity":"","overlay-gradient":""},"mobile":{"background-color":"","background-image":"","background-repeat":"repeat","background-position":"center center","background-size":"auto","background-attachment":"scroll","background-type":"","background-media":"","overlay-type":"","overlay-color":"","overlay-opacity":"","overlay-gradient":""}},"ast-content-background-meta":{"desktop":{"background-color":"var(--ast-global-color-4)","background-image":"","background-repeat":"repeat","background-position":"center center","background-size":"auto","background-attachment":"scroll","background-type":"","background-media":"","overlay-type":"","overlay-color":"","overlay-opacity":"","overlay-gradient":""},"tablet":{"background-color":"var(--ast-global-color-4)","background-image":"","background-repeat":"repeat","background-position":"center center","background-size":"auto","background-attachment":"scroll","background-type":"","background-media":"","overlay-type":"","overlay-color":"","overlay-opacity":"","overlay-gradient":""},"mobile":{"background-color":"var(--ast-global-color-4)","background-image":"","background-repeat":"repeat","background-position":"center center","background-size":"auto","background-attachment":"scroll","background-type":"","background-media":"","overlay-type":"","overlay-color":"","overlay-opacity":"","overlay-gradient":""}},"footnotes":""},"class_list":["post-10","page","type-page","status-publish","hentry"],"_links":{"self":[{"href":"https:\/\/www.kz-hoce.si\/index.php?rest_route=\/wp\/v2\/pages\/10","targetHints":{"allow":["GET"]}}],"collection":[{"href":"https:\/\/www.kz-hoce.si\/index.php?rest_route=\/wp\/v2\/pages"}],"about":[{"href":"https:\/\/www.kz-hoce.si\/index.php?rest_route=\/wp\/v2\/types\/page"}],"author":[{"embeddable":true,"href":"https:\/\/www.kz-hoce.si\/index.php?rest_route=\/wp\/v2\/users\/2"}],"replies":[{"embeddable":true,"href":"https:\/\/www.kz-hoce.si\/index.php?rest_route=%2Fwp%2Fv2%2Fcomments&post=10"}],"version-history":[{"count":2,"href":"https:\/\/www.kz-hoce.si\/index.php?rest_route=\/wp\/v2\/pages\/10\/revisions"}],"predecessor-version":[{"id":201,"href":"https:\/\/www.kz-hoce.si\/index.php?rest_route=\/wp\/v2\/pages\/10\/revisions\/201"}],"wp:attachment":[{"href":"https:\/\/www.kz-hoce.si\/index.php?rest_route=%2Fwp%2Fv2%2Fmedia&parent=10"}],"curies":[{"name":"wp","href":"https:\/\/api.w.org\/{rel}","templated":true}]}}