{"id":232,"date":"2026-04-14T05:54:04","date_gmt":"2026-04-14T05:54:04","guid":{"rendered":"https:\/\/www.kz-hoce.si\/?page_id=232"},"modified":"2026-04-14T06:40:04","modified_gmt":"2026-04-14T06:40:04","slug":"javni-razpis-za-podintervencijo-nalozbe-pravnih-oseb-in-samostojnih-podjetnikov-posameznikov-v-okviru-intervencije-irp16-nalozbe-v-prilagoditev-na-podnebne-spremembe-pri-trajnih-nasadih-za-leto-2024","status":"publish","type":"page","link":"https:\/\/www.kz-hoce.si\/?page_id=232","title":{"rendered":"Razpisi"},"content":{"rendered":"\n<h2 class=\"wp-block-heading\">1. javni razpis za podintervencijo nalo\u017ebe pravnih oseb in samostojnih podjetnikov posameznikov v okviru intervencije IRP16 nalo\u017ebe v prilagoditev na podnebne spremembe pri trajnih nasadih za leto 2024<\/h2>\n\n\n\n<p><\/p>\n\n\n\n<h3 class=\"wp-block-heading\">Nalo\u017eba v trajne nasade<\/h3>\n\n\n\n<p><\/p>\n\n\n\n<p>KZ Ho\u010de z.o.o. se na 1. javni razpis za podintervencijo nalo\u017ebe pravnih oseb in samostojnih podjetnikov posameznikov v okviru intervencije IRP16 nalo\u017ebe v prilagoditev na podnebne spremembe pri trajnih nasadih za leto 2024 prijavlja z nalo\u017ebo v postavitev trajnih nasadov jablan s protito\u010dno mre\u017eo.<\/p>\n\n\n\n<p><\/p>\n\n\n\n<p>V KZ Ho\u010de z.o.o. \u017eelimo v prihodnosti dodatno okrepiti svoje poslovanje in si zagotoviti varno in stabilno pozicijo na trgu. V kolikor \u017eelimo zagotavljati rast in razvoj zadruge se zavedamo, da so zato potrebna nenehna vlaganje in investicije, ki bodo utrjevale polo\u017eaj na trgu, posledi\u010dno pa bomo s tem tudi krepili zaupanje na\u0161ih zadru\u017enikov. V ta namen smo se tudi odlo\u010dili za nalo\u017ebo v trajne nasade, saj imamo za le-te razpolo\u017eljiva zemlji\u0161\u010da in nesmiselno je, da so le-ta neizkori\u0161\u010dena, medtem ko je povpra\u0161evanje na trgu zadostno za prodajo in ta trend se ka\u017ee tudi v prihodnosti. Nalo\u017eba nam bo omogo\u010dila v prihodnosti dodatne kvalitetne pridelke, posledi\u010dno pa vi\u0161je prihodke zadruge in \u0161e bolj\u0161o stabilnost ter rast zadruge.<\/p>\n\n\n\n<div class=\"wp-block-columns is-layout-flex wp-container-core-columns-is-layout-28f84493 wp-block-columns-is-layout-flex\">\n<div class=\"wp-block-column is-layout-flow wp-block-column-is-layout-flow\">\n<figure class=\"wp-block-image size-full\"><a href=\"https:\/\/www.kz-hoce.si\/wp-content\/uploads\/2026\/04\/20260413_121516-1.jpg\"><img loading=\"lazy\" decoding=\"async\" width=\"576\" height=\"768\" src=\"https:\/\/www.kz-hoce.si\/wp-content\/uploads\/2026\/04\/20260413_121516-1.jpg\" alt=\"\" class=\"wp-image-246\" srcset=\"https:\/\/www.kz-hoce.si\/wp-content\/uploads\/2026\/04\/20260413_121516-1.jpg 576w, https:\/\/www.kz-hoce.si\/wp-content\/uploads\/2026\/04\/20260413_121516-1-225x300.jpg 225w\" sizes=\"auto, (max-width: 576px) 100vw, 576px\" \/><\/a><\/figure>\n<\/div>\n\n\n\n<div class=\"wp-block-column is-layout-flow wp-block-column-is-layout-flow\">\n<figure class=\"wp-block-image size-full\"><a href=\"https:\/\/www.kz-hoce.si\/wp-content\/uploads\/2026\/04\/20260413_121531-1.jpg\"><img loading=\"lazy\" decoding=\"async\" width=\"576\" height=\"768\" src=\"https:\/\/www.kz-hoce.si\/wp-content\/uploads\/2026\/04\/20260413_121531-1.jpg\" alt=\"\" class=\"wp-image-247\" srcset=\"https:\/\/www.kz-hoce.si\/wp-content\/uploads\/2026\/04\/20260413_121531-1.jpg 576w, https:\/\/www.kz-hoce.si\/wp-content\/uploads\/2026\/04\/20260413_121531-1-225x300.jpg 225w\" sizes=\"auto, (max-width: 576px) 100vw, 576px\" \/><\/a><\/figure>\n<\/div>\n\n\n\n<div class=\"wp-block-column is-layout-flow wp-block-column-is-layout-flow\">\n<figure class=\"wp-block-image size-full\"><a href=\"https:\/\/www.kz-hoce.si\/wp-content\/uploads\/2026\/04\/20260413_121605.jpg\"><img loading=\"lazy\" decoding=\"async\" width=\"576\" height=\"768\" src=\"https:\/\/www.kz-hoce.si\/wp-content\/uploads\/2026\/04\/20260413_121605.jpg\" alt=\"\" class=\"wp-image-248\" srcset=\"https:\/\/www.kz-hoce.si\/wp-content\/uploads\/2026\/04\/20260413_121605.jpg 576w, https:\/\/www.kz-hoce.si\/wp-content\/uploads\/2026\/04\/20260413_121605-225x300.jpg 225w\" sizes=\"auto, (max-width: 576px) 100vw, 576px\" \/><\/a><\/figure>\n<\/div>\n<\/div>\n","protected":false},"excerpt":{"rendered":"<p>1. javni razpis za podintervencijo nalo\u017ebe pravnih oseb in samostojnih podjetnikov posameznikov v okviru intervencije IRP16 nalo\u017ebe v prilagoditev na [&hellip;]<\/p>\n","protected":false},"author":4,"featured_media":0,"parent":0,"menu_order":0,"comment_status":"closed","ping_status":"closed","template":"","meta":{"site-sidebar-layout":"default","site-content-layout":"","ast-site-content-layout":"normal-width-container","site-content-style":"boxed","site-sidebar-style":"default","ast-global-header-display":"","ast-banner-title-visibility":"","ast-main-header-display":"","ast-hfb-above-header-display":"","ast-hfb-below-header-display":"","ast-hfb-mobile-header-display":"","site-post-title":"","ast-breadcrumbs-content":"","ast-featured-img":"","footer-sml-layout":"","theme-transparent-header-meta":"","adv-header-id-meta":"","stick-header-meta":"","header-above-stick-meta":"","header-main-stick-meta":"","header-below-stick-meta":"","astra-migrate-meta-layouts":"default","ast-page-background-enabled":"default","ast-page-background-meta":{"desktop":{"background-color":"var(--ast-global-color-5)","background-image":"","background-repeat":"repeat","background-position":"center center","background-size":"auto","background-attachment":"scroll","background-type":"","background-media":"","overlay-type":"","overlay-color":"","overlay-opacity":"","overlay-gradient":""},"tablet":{"background-color":"","background-image":"","background-repeat":"repeat","background-position":"center center","background-size":"auto","background-attachment":"scroll","background-type":"","background-media":"","overlay-type":"","overlay-color":"","overlay-opacity":"","overlay-gradient":""},"mobile":{"background-color":"","background-image":"","background-repeat":"repeat","background-position":"center center","background-size":"auto","background-attachment":"scroll","background-type":"","background-media":"","overlay-type":"","overlay-color":"","overlay-opacity":"","overlay-gradient":""}},"ast-content-background-meta":{"desktop":{"background-color":"var(--ast-global-color-4)","background-image":"","background-repeat":"repeat","background-position":"center center","background-size":"auto","background-attachment":"scroll","background-type":"","background-media":"","overlay-type":"","overlay-color":"","overlay-opacity":"","overlay-gradient":""},"tablet":{"background-color":"var(--ast-global-color-4)","background-image":"","background-repeat":"repeat","background-position":"center center","background-size":"auto","background-attachment":"scroll","background-type":"","background-media":"","overlay-type":"","overlay-color":"","overlay-opacity":"","overlay-gradient":""},"mobile":{"background-color":"var(--ast-global-color-4)","background-image":"","background-repeat":"repeat","background-position":"center center","background-size":"auto","background-attachment":"scroll","background-type":"","background-media":"","overlay-type":"","overlay-color":"","overlay-opacity":"","overlay-gradient":""}},"footnotes":""},"class_list":["post-232","page","type-page","status-publish","hentry"],"_links":{"self":[{"href":"https:\/\/www.kz-hoce.si\/index.php?rest_route=\/wp\/v2\/pages\/232","targetHints":{"allow":["GET"]}}],"collection":[{"href":"https:\/\/www.kz-hoce.si\/index.php?rest_route=\/wp\/v2\/pages"}],"about":[{"href":"https:\/\/www.kz-hoce.si\/index.php?rest_route=\/wp\/v2\/types\/page"}],"author":[{"embeddable":true,"href":"https:\/\/www.kz-hoce.si\/index.php?rest_route=\/wp\/v2\/users\/4"}],"replies":[{"embeddable":true,"href":"https:\/\/www.kz-hoce.si\/index.php?rest_route=%2Fwp%2Fv2%2Fcomments&post=232"}],"version-history":[{"count":10,"href":"https:\/\/www.kz-hoce.si\/index.php?rest_route=\/wp\/v2\/pages\/232\/revisions"}],"predecessor-version":[{"id":249,"href":"https:\/\/www.kz-hoce.si\/index.php?rest_route=\/wp\/v2\/pages\/232\/revisions\/249"}],"wp:attachment":[{"href":"https:\/\/www.kz-hoce.si\/index.php?rest_route=%2Fwp%2Fv2%2Fmedia&parent=232"}],"curies":[{"name":"wp","href":"https:\/\/api.w.org\/{rel}","templated":true}]}}