{"id":5,"date":"2011-08-24T06:58:24","date_gmt":"2011-08-24T06:58:24","guid":{"rendered":"http:\/\/www.kz-hoce.si\/?page_id=5"},"modified":"2025-08-22T13:08:56","modified_gmt":"2025-08-22T13:08:56","slug":"o-nas","status":"publish","type":"page","link":"https:\/\/www.kz-hoce.si\/","title":{"rendered":"O nas"},"content":{"rendered":"<p><strong>KMETIJSKA ZADRUGA HO\u010cE z.o.o.<\/strong> je skladno z ZGD in Zakonom o zadrugah, organizirana kot zadruga z omejeno odgovornostjo. Interni odnosi so urejeni z zadru\u017enimi pravili. Zadruga spada med srednje podjetja z\u00a010 zaposlenimi in zdru\u017euje 105 \u010dlanov. Upravni odbor sestavlja 5 \u010dlanov in nadzorni odbor 3-je \u010dlani.<\/p>\n<p>Predsednik UO: Miran Bergauer<br \/>Predsednik NO: Milan Selin\u0161ek<\/p>\n<p>Osnova zadru\u017enega poslovanja je sodelovanje s kmeti, tako, da jim zagotavljamo odkup vseh kmetijskih pridelkov, mleka in mesa, ponujamo pitanje goveda in pra\u0161i\u010dev ter zagotavljamo konkuren\u010dne cene in pla\u010dilo v dogovorjenih rokih. \u010clanom ponujamo kompletni kmetijski repro program, pri \u010demer se trudimo, da jim ponudimo tudi kvalitetno strokovno pomo\u010d. Vsem ostalim kupcem pa v na\u0161ih poslovalnicah ponujamo kmetijski in vrtni program, krmila, razli\u010dne mineralno-vitaminske in beljakovinske me\u0161anice, semena, gnojila, \u0161kropiva ter kmetijsko, vrtno in gozdarsko mehanizacijo, hlevski program in ostalo po naro\u010dilu.<\/p>\n<p>Za \u010dlane, kateri to \u017eelijo opravljamo tudi ra\u010dunovodske storitve.<\/p>\n\n\n<figure class=\"wp-block-image size-full\"><a href=\"https:\/\/www.kz-hoce.si\/wp-content\/uploads\/2023\/06\/logoti2.jpg\"><img loading=\"lazy\" decoding=\"async\" width=\"565\" height=\"159\" src=\"https:\/\/www.kz-hoce.si\/wp-content\/uploads\/2023\/06\/logoti2.jpg\" alt=\"\" class=\"wp-image-148\" srcset=\"https:\/\/www.kz-hoce.si\/wp-content\/uploads\/2023\/06\/logoti2.jpg 565w, https:\/\/www.kz-hoce.si\/wp-content\/uploads\/2023\/06\/logoti2-300x84.jpg 300w\" sizes=\"auto, (max-width: 565px) 100vw, 565px\" \/><\/a><\/figure>\n","protected":false},"excerpt":{"rendered":"<p>KMETIJSKA ZADRUGA HO\u010cE z.o.o. je skladno z ZGD in Zakonom o zadrugah, organizirana kot zadruga z omejeno odgovornostjo. Interni odnosi [&hellip;]<\/p>\n","protected":false},"author":2,"featured_media":0,"parent":0,"menu_order":0,"comment_status":"open","ping_status":"open","template":"","meta":{"site-sidebar-layout":"default","site-content-layout":"","ast-site-content-layout":"normal-width-container","site-content-style":"boxed","site-sidebar-style":"default","ast-global-header-display":"","ast-banner-title-visibility":"","ast-main-header-display":"","ast-hfb-above-header-display":"","ast-hfb-below-header-display":"","ast-hfb-mobile-header-display":"","site-post-title":"","ast-breadcrumbs-content":"","ast-featured-img":"","footer-sml-layout":"","theme-transparent-header-meta":"","adv-header-id-meta":"","stick-header-meta":"","header-above-stick-meta":"","header-main-stick-meta":"","header-below-stick-meta":"","astra-migrate-meta-layouts":"default","ast-page-background-enabled":"default","ast-page-background-meta":{"desktop":{"background-color":"var(--ast-global-color-5)","background-image":"","background-repeat":"repeat","background-position":"center center","background-size":"auto","background-attachment":"scroll","background-type":"","background-media":"","overlay-type":"","overlay-color":"","overlay-opacity":"","overlay-gradient":""},"tablet":{"background-color":"","background-image":"","background-repeat":"repeat","background-position":"center center","background-size":"auto","background-attachment":"scroll","background-type":"","background-media":"","overlay-type":"","overlay-color":"","overlay-opacity":"","overlay-gradient":""},"mobile":{"background-color":"","background-image":"","background-repeat":"repeat","background-position":"center center","background-size":"auto","background-attachment":"scroll","background-type":"","background-media":"","overlay-type":"","overlay-color":"","overlay-opacity":"","overlay-gradient":""}},"ast-content-background-meta":{"desktop":{"background-color":"var(--ast-global-color-4)","background-image":"","background-repeat":"repeat","background-position":"center center","background-size":"auto","background-attachment":"scroll","background-type":"","background-media":"","overlay-type":"","overlay-color":"","overlay-opacity":"","overlay-gradient":""},"tablet":{"background-color":"var(--ast-global-color-4)","background-image":"","background-repeat":"repeat","background-position":"center center","background-size":"auto","background-attachment":"scroll","background-type":"","background-media":"","overlay-type":"","overlay-color":"","overlay-opacity":"","overlay-gradient":""},"mobile":{"background-color":"var(--ast-global-color-4)","background-image":"","background-repeat":"repeat","background-position":"center center","background-size":"auto","background-attachment":"scroll","background-type":"","background-media":"","overlay-type":"","overlay-color":"","overlay-opacity":"","overlay-gradient":""}},"footnotes":""},"class_list":["post-5","page","type-page","status-publish","hentry"],"_links":{"self":[{"href":"https:\/\/www.kz-hoce.si\/index.php?rest_route=\/wp\/v2\/pages\/5","targetHints":{"allow":["GET"]}}],"collection":[{"href":"https:\/\/www.kz-hoce.si\/index.php?rest_route=\/wp\/v2\/pages"}],"about":[{"href":"https:\/\/www.kz-hoce.si\/index.php?rest_route=\/wp\/v2\/types\/page"}],"author":[{"embeddable":true,"href":"https:\/\/www.kz-hoce.si\/index.php?rest_route=\/wp\/v2\/users\/2"}],"replies":[{"embeddable":true,"href":"https:\/\/www.kz-hoce.si\/index.php?rest_route=%2Fwp%2Fv2%2Fcomments&post=5"}],"version-history":[{"count":7,"href":"https:\/\/www.kz-hoce.si\/index.php?rest_route=\/wp\/v2\/pages\/5\/revisions"}],"predecessor-version":[{"id":198,"href":"https:\/\/www.kz-hoce.si\/index.php?rest_route=\/wp\/v2\/pages\/5\/revisions\/198"}],"wp:attachment":[{"href":"https:\/\/www.kz-hoce.si\/index.php?rest_route=%2Fwp%2Fv2%2Fmedia&parent=5"}],"curies":[{"name":"wp","href":"https:\/\/api.w.org\/{rel}","templated":true}]}}