{"id":8,"date":"2011-08-24T06:59:17","date_gmt":"2011-08-24T06:59:17","guid":{"rendered":"http:\/\/www.kz-hoce.si\/?page_id=8"},"modified":"2025-08-22T13:10:54","modified_gmt":"2025-08-22T13:10:54","slug":"zgodovina","status":"publish","type":"page","link":"https:\/\/www.kz-hoce.si\/?page_id=8","title":{"rendered":"Zgodovina"},"content":{"rendered":"<p>Nabavno prodajna zadruga je v Ho\u010dah za\u010dela delovati v juniju 1945 z namenom neposredne nabave in prodaje blaga potro\u0161nikom. Uradni za\u010detek delovanja je 23. 12. 1945, ko je bila ustavna skup\u0161\u010dina.<br \/>\nDana\u0161nja zadruga pokriva bistveno ve\u010dji teritorij kot v za\u010detku, saj so se naknadno vanjo zdru\u017eile \u0161e zadruge iz okoli\u0161kih vasi Miklav\u017e, Brezje, Dobrovce in Slivnica. Kmetijska zadruga Star\u0161e in kmetijska zadruga Reka \u2013 Pohorje sta se z zadrugo Ho\u010de zdru\u017eile 1. 1. 1961 s sede\u017eem v Ho\u010dah.<br \/>\nPo zdru\u017eitvi se ustanovijo obrat za kmetijstvo, obrat za gozdarstvo in obrat mesarske dejavnosti.<br \/>\nPot organiziranega kmetijskega zadru\u017eni\u0161tva v Ho\u010dah je bila ves \u010das pre\u017eeta z \u017eeljo po povezovanju in pove\u010danju proizvodnje kmetijskih pridelkov v razli\u010dnih oblikah medsebojnega sodelovanja s kmeti \u2013 \u010dlani in ostalimi kooperanti z namenom pridelati \u010dim ve\u010d kvalitetne hrane.<\/p>\n","protected":false},"excerpt":{"rendered":"<p>Nabavno prodajna zadruga je v Ho\u010dah za\u010dela delovati v juniju 1945 z namenom neposredne nabave in prodaje blaga potro\u0161nikom. Uradni [&hellip;]<\/p>\n","protected":false},"author":2,"featured_media":0,"parent":0,"menu_order":1,"comment_status":"open","ping_status":"open","template":"","meta":{"site-sidebar-layout":"default","site-content-layout":"","ast-site-content-layout":"normal-width-container","site-content-style":"boxed","site-sidebar-style":"default","ast-global-header-display":"","ast-banner-title-visibility":"","ast-main-header-display":"","ast-hfb-above-header-display":"","ast-hfb-below-header-display":"","ast-hfb-mobile-header-display":"","site-post-title":"","ast-breadcrumbs-content":"","ast-featured-img":"","footer-sml-layout":"","theme-transparent-header-meta":"","adv-header-id-meta":"","stick-header-meta":"","header-above-stick-meta":"","header-main-stick-meta":"","header-below-stick-meta":"","astra-migrate-meta-layouts":"default","ast-page-background-enabled":"default","ast-page-background-meta":{"desktop":{"background-color":"var(--ast-global-color-5)","background-image":"","background-repeat":"repeat","background-position":"center center","background-size":"auto","background-attachment":"scroll","background-type":"","background-media":"","overlay-type":"","overlay-color":"","overlay-opacity":"","overlay-gradient":""},"tablet":{"background-color":"","background-image":"","background-repeat":"repeat","background-position":"center center","background-size":"auto","background-attachment":"scroll","background-type":"","background-media":"","overlay-type":"","overlay-color":"","overlay-opacity":"","overlay-gradient":""},"mobile":{"background-color":"","background-image":"","background-repeat":"repeat","background-position":"center center","background-size":"auto","background-attachment":"scroll","background-type":"","background-media":"","overlay-type":"","overlay-color":"","overlay-opacity":"","overlay-gradient":""}},"ast-content-background-meta":{"desktop":{"background-color":"var(--ast-global-color-4)","background-image":"","background-repeat":"repeat","background-position":"center center","background-size":"auto","background-attachment":"scroll","background-type":"","background-media":"","overlay-type":"","overlay-color":"","overlay-opacity":"","overlay-gradient":""},"tablet":{"background-color":"var(--ast-global-color-4)","background-image":"","background-repeat":"repeat","background-position":"center center","background-size":"auto","background-attachment":"scroll","background-type":"","background-media":"","overlay-type":"","overlay-color":"","overlay-opacity":"","overlay-gradient":""},"mobile":{"background-color":"var(--ast-global-color-4)","background-image":"","background-repeat":"repeat","background-position":"center center","background-size":"auto","background-attachment":"scroll","background-type":"","background-media":"","overlay-type":"","overlay-color":"","overlay-opacity":"","overlay-gradient":""}},"footnotes":""},"class_list":["post-8","page","type-page","status-publish","hentry"],"_links":{"self":[{"href":"https:\/\/www.kz-hoce.si\/index.php?rest_route=\/wp\/v2\/pages\/8","targetHints":{"allow":["GET"]}}],"collection":[{"href":"https:\/\/www.kz-hoce.si\/index.php?rest_route=\/wp\/v2\/pages"}],"about":[{"href":"https:\/\/www.kz-hoce.si\/index.php?rest_route=\/wp\/v2\/types\/page"}],"author":[{"embeddable":true,"href":"https:\/\/www.kz-hoce.si\/index.php?rest_route=\/wp\/v2\/users\/2"}],"replies":[{"embeddable":true,"href":"https:\/\/www.kz-hoce.si\/index.php?rest_route=%2Fwp%2Fv2%2Fcomments&post=8"}],"version-history":[{"count":2,"href":"https:\/\/www.kz-hoce.si\/index.php?rest_route=\/wp\/v2\/pages\/8\/revisions"}],"predecessor-version":[{"id":200,"href":"https:\/\/www.kz-hoce.si\/index.php?rest_route=\/wp\/v2\/pages\/8\/revisions\/200"}],"wp:attachment":[{"href":"https:\/\/www.kz-hoce.si\/index.php?rest_route=%2Fwp%2Fv2%2Fmedia&parent=8"}],"curies":[{"name":"wp","href":"https:\/\/api.w.org\/{rel}","templated":true}]}}